{"id":936,"date":"2018-03-08T12:33:59","date_gmt":"2018-03-08T17:33:59","guid":{"rendered":"https:\/\/mns2.ca\/comptoir-nature\/"},"modified":"2024-05-22T09:02:10","modified_gmt":"2024-05-22T13:02:10","slug":"comptoir-nature","status":"publish","type":"page","link":"https:\/\/mns2.ca\/en\/comptoir-nature\/","title":{"rendered":"Comptoir nature"},"content":{"rendered":"<p>Le Comptoir-nature du Mus\u00e9e de la nature et des sciences de Sherbrooke est un endroit unique et innovateur o\u00f9 les membres du Mus\u00e9e peuvent emprunter des tr\u00e9sors de la nature et ainsi acqu\u00e9rir des connaissances sur le monde naturel.<\/p>\n<p>Cette biblioth\u00e8que faunique permet aux membres du Mus\u00e9e de s\u2019approprier, pour un certain temps, des objets de notre collection \u00e9ducative et, par ce fait m\u00eame, de d\u00e9couvrir diff\u00e9rents aspects de la flore et de la faune qui nous entoure.<\/p>\n<p>Pour avoir acc\u00e8s au service de pr\u00eat, les utilisateurs doivent \u00eatre membres du Mus\u00e9e de la nature et des sciences de Sherbrooke.<\/p>\n<p><em>Le Comptoir-nature respecte les lois f\u00e9d\u00e9rales et provinciales en mati\u00e8re de conservation et de protection de la nature. Le Mus\u00e9e demande \u00e0 ses utilisateurs de s\u2019y conformer. Pour ce faire, nous collaborons avec la Direction de la protection de la faune de l\u2019Estrie et avec le Minist\u00e8re des Ressources naturelles et de la Faune.<\/em><\/p>\n","protected":false},"excerpt":{"rendered":"Le Comptoir-nature du Mus\u00e9e de la nature et des sciences de Sherbrooke est un endroit unique et innovateur o\u00f9 les membres du Mus\u00e9e peuvent emprunter des tr\u00e9sors de la nature et ainsi acqu\u00e9rir des connaissances sur le monde naturel. Cette biblioth\u00e8que faunique permet aux membres du Mus\u00e9e de s\u2019approprier, pour un certain temps, des objets [&hellip;]","protected":false},"author":1,"featured_media":1057,"parent":0,"menu_order":23,"comment_status":"closed","ping_status":"closed","template":"template-sidebar.php","meta":{"_acf_changed":false,"inline_featured_image":false,"footnotes":""},"class_list":["post-936","page","type-page","status-publish","has-post-thumbnail","hentry"],"acf":[],"yoast_head":"<!-- This site is optimized with the Yoast SEO plugin v27.5 - https:\/\/yoast.com\/product\/yoast-seo-wordpress\/ -->\n<title>Comptoir nature &#8212; MNS\u00b2<\/title>\n<meta name=\"robots\" content=\"index, follow, max-snippet:-1, max-image-preview:large, max-video-preview:-1\" \/>\n<link rel=\"canonical\" href=\"https:\/\/mns2.ca\/en\/comptoir-nature\/\" \/>\n<meta property=\"og:locale\" content=\"en_US\" \/>\n<meta property=\"og:type\" content=\"article\" \/>\n<meta property=\"og:title\" content=\"Comptoir nature &#8212; MNS\u00b2\" \/>\n<meta property=\"og:description\" content=\"Le Comptoir-nature du Mus\u00e9e de la nature et des sciences de Sherbrooke est un endroit unique et innovateur o\u00f9 les membres du Mus\u00e9e peuvent emprunter des tr\u00e9sors de la nature et ainsi acqu\u00e9rir des connaissances sur le monde naturel. Cette biblioth\u00e8que faunique permet aux membres du Mus\u00e9e de s\u2019approprier, pour un certain temps, des objets [&hellip;]\" \/>\n<meta property=\"og:url\" content=\"https:\/\/mns2.ca\/en\/comptoir-nature\/\" \/>\n<meta property=\"og:site_name\" content=\"MNS\u00b2\" \/>\n<meta property=\"article:modified_time\" content=\"2024-05-22T13:02:10+00:00\" \/>\n<meta property=\"og:image\" content=\"https:\/\/mns2.ca\/wp-content\/uploads\/2018\/03\/membre.jpg\" \/>\n\t<meta property=\"og:image:width\" content=\"1400\" \/>\n\t<meta property=\"og:image:height\" content=\"444\" \/>\n\t<meta property=\"og:image:type\" content=\"image\/jpeg\" \/>\n<meta name=\"twitter:card\" content=\"summary_large_image\" \/>\n<meta name=\"twitter:label1\" content=\"Est. reading time\" \/>\n\t<meta name=\"twitter:data1\" content=\"1 minute\" \/>\n<script type=\"application\/ld+json\" class=\"yoast-schema-graph\">{\"@context\":\"https:\\\/\\\/schema.org\",\"@graph\":[{\"@type\":\"WebPage\",\"@id\":\"https:\\\/\\\/mns2.ca\\\/en\\\/comptoir-nature\\\/\",\"url\":\"https:\\\/\\\/mns2.ca\\\/en\\\/comptoir-nature\\\/\",\"name\":\"Comptoir nature &#8212; MNS\u00b2\",\"isPartOf\":{\"@id\":\"https:\\\/\\\/mns2.ca\\\/en\\\/#website\"},\"primaryImageOfPage\":{\"@id\":\"https:\\\/\\\/mns2.ca\\\/en\\\/comptoir-nature\\\/#primaryimage\"},\"image\":{\"@id\":\"https:\\\/\\\/mns2.ca\\\/en\\\/comptoir-nature\\\/#primaryimage\"},\"thumbnailUrl\":\"https:\\\/\\\/mns2.ca\\\/wp-content\\\/uploads\\\/2018\\\/03\\\/membre.jpg\",\"datePublished\":\"2018-03-08T17:33:59+00:00\",\"dateModified\":\"2024-05-22T13:02:10+00:00\",\"breadcrumb\":{\"@id\":\"https:\\\/\\\/mns2.ca\\\/en\\\/comptoir-nature\\\/#breadcrumb\"},\"inLanguage\":\"en-US\",\"potentialAction\":[{\"@type\":\"ReadAction\",\"target\":[\"https:\\\/\\\/mns2.ca\\\/en\\\/comptoir-nature\\\/\"]}]},{\"@type\":\"ImageObject\",\"inLanguage\":\"en-US\",\"@id\":\"https:\\\/\\\/mns2.ca\\\/en\\\/comptoir-nature\\\/#primaryimage\",\"url\":\"https:\\\/\\\/mns2.ca\\\/wp-content\\\/uploads\\\/2018\\\/03\\\/membre.jpg\",\"contentUrl\":\"https:\\\/\\\/mns2.ca\\\/wp-content\\\/uploads\\\/2018\\\/03\\\/membre.jpg\",\"width\":1400,\"height\":444},{\"@type\":\"BreadcrumbList\",\"@id\":\"https:\\\/\\\/mns2.ca\\\/en\\\/comptoir-nature\\\/#breadcrumb\",\"itemListElement\":[{\"@type\":\"ListItem\",\"position\":1,\"name\":\"Accueil\",\"item\":\"https:\\\/\\\/mns2.ca\\\/en\\\/\"},{\"@type\":\"ListItem\",\"position\":2,\"name\":\"Comptoir nature\"}]},{\"@type\":\"WebSite\",\"@id\":\"https:\\\/\\\/mns2.ca\\\/en\\\/#website\",\"url\":\"https:\\\/\\\/mns2.ca\\\/en\\\/\",\"name\":\"MNS\u00b2\",\"description\":\"Mus\u00e9e des sciences et de la nature de Sherbrooke\",\"publisher\":{\"@id\":\"https:\\\/\\\/mns2.ca\\\/en\\\/#organization\"},\"potentialAction\":[{\"@type\":\"SearchAction\",\"target\":{\"@type\":\"EntryPoint\",\"urlTemplate\":\"https:\\\/\\\/mns2.ca\\\/en\\\/?s={search_term_string}\"},\"query-input\":{\"@type\":\"PropertyValueSpecification\",\"valueRequired\":true,\"valueName\":\"search_term_string\"}}],\"inLanguage\":\"en-US\"},{\"@type\":\"Organization\",\"@id\":\"https:\\\/\\\/mns2.ca\\\/en\\\/#organization\",\"name\":\"Mus\u00e9e de la nature et des sciences de Sherbrooke\",\"url\":\"https:\\\/\\\/mns2.ca\\\/en\\\/\",\"logo\":{\"@type\":\"ImageObject\",\"inLanguage\":\"en-US\",\"@id\":\"https:\\\/\\\/mns2.ca\\\/en\\\/#\\\/schema\\\/logo\\\/image\\\/\",\"url\":\"https:\\\/\\\/mns2.ca\\\/wp-content\\\/uploads\\\/2018\\\/05\\\/MNS2_logo.svg\",\"contentUrl\":\"https:\\\/\\\/mns2.ca\\\/wp-content\\\/uploads\\\/2018\\\/05\\\/MNS2_logo.svg\",\"width\":1,\"height\":1,\"caption\":\"Mus\u00e9e de la nature et des sciences de Sherbrooke\"},\"image\":{\"@id\":\"https:\\\/\\\/mns2.ca\\\/en\\\/#\\\/schema\\\/logo\\\/image\\\/\"}}]}<\/script>\n<!-- \/ Yoast SEO plugin. -->","yoast_head_json":{"title":"Comptoir nature &#8212; MNS\u00b2","robots":{"index":"index","follow":"follow","max-snippet":"max-snippet:-1","max-image-preview":"max-image-preview:large","max-video-preview":"max-video-preview:-1"},"canonical":"https:\/\/mns2.ca\/en\/comptoir-nature\/","og_locale":"en_US","og_type":"article","og_title":"Comptoir nature &#8212; MNS\u00b2","og_description":"Le Comptoir-nature du Mus\u00e9e de la nature et des sciences de Sherbrooke est un endroit unique et innovateur o\u00f9 les membres du Mus\u00e9e peuvent emprunter des tr\u00e9sors de la nature et ainsi acqu\u00e9rir des connaissances sur le monde naturel. Cette biblioth\u00e8que faunique permet aux membres du Mus\u00e9e de s\u2019approprier, pour un certain temps, des objets [&hellip;]","og_url":"https:\/\/mns2.ca\/en\/comptoir-nature\/","og_site_name":"MNS\u00b2","article_modified_time":"2024-05-22T13:02:10+00:00","og_image":[{"width":1400,"height":444,"url":"https:\/\/mns2.ca\/wp-content\/uploads\/2018\/03\/membre.jpg","type":"image\/jpeg"}],"twitter_card":"summary_large_image","twitter_misc":{"Est. reading time":"1 minute"},"schema":{"@context":"https:\/\/schema.org","@graph":[{"@type":"WebPage","@id":"https:\/\/mns2.ca\/en\/comptoir-nature\/","url":"https:\/\/mns2.ca\/en\/comptoir-nature\/","name":"Comptoir nature &#8212; MNS\u00b2","isPartOf":{"@id":"https:\/\/mns2.ca\/en\/#website"},"primaryImageOfPage":{"@id":"https:\/\/mns2.ca\/en\/comptoir-nature\/#primaryimage"},"image":{"@id":"https:\/\/mns2.ca\/en\/comptoir-nature\/#primaryimage"},"thumbnailUrl":"https:\/\/mns2.ca\/wp-content\/uploads\/2018\/03\/membre.jpg","datePublished":"2018-03-08T17:33:59+00:00","dateModified":"2024-05-22T13:02:10+00:00","breadcrumb":{"@id":"https:\/\/mns2.ca\/en\/comptoir-nature\/#breadcrumb"},"inLanguage":"en-US","potentialAction":[{"@type":"ReadAction","target":["https:\/\/mns2.ca\/en\/comptoir-nature\/"]}]},{"@type":"ImageObject","inLanguage":"en-US","@id":"https:\/\/mns2.ca\/en\/comptoir-nature\/#primaryimage","url":"https:\/\/mns2.ca\/wp-content\/uploads\/2018\/03\/membre.jpg","contentUrl":"https:\/\/mns2.ca\/wp-content\/uploads\/2018\/03\/membre.jpg","width":1400,"height":444},{"@type":"BreadcrumbList","@id":"https:\/\/mns2.ca\/en\/comptoir-nature\/#breadcrumb","itemListElement":[{"@type":"ListItem","position":1,"name":"Accueil","item":"https:\/\/mns2.ca\/en\/"},{"@type":"ListItem","position":2,"name":"Comptoir nature"}]},{"@type":"WebSite","@id":"https:\/\/mns2.ca\/en\/#website","url":"https:\/\/mns2.ca\/en\/","name":"MNS\u00b2","description":"Mus\u00e9e des sciences et de la nature de Sherbrooke","publisher":{"@id":"https:\/\/mns2.ca\/en\/#organization"},"potentialAction":[{"@type":"SearchAction","target":{"@type":"EntryPoint","urlTemplate":"https:\/\/mns2.ca\/en\/?s={search_term_string}"},"query-input":{"@type":"PropertyValueSpecification","valueRequired":true,"valueName":"search_term_string"}}],"inLanguage":"en-US"},{"@type":"Organization","@id":"https:\/\/mns2.ca\/en\/#organization","name":"Mus\u00e9e de la nature et des sciences de Sherbrooke","url":"https:\/\/mns2.ca\/en\/","logo":{"@type":"ImageObject","inLanguage":"en-US","@id":"https:\/\/mns2.ca\/en\/#\/schema\/logo\/image\/","url":"https:\/\/mns2.ca\/wp-content\/uploads\/2018\/05\/MNS2_logo.svg","contentUrl":"https:\/\/mns2.ca\/wp-content\/uploads\/2018\/05\/MNS2_logo.svg","width":1,"height":1,"caption":"Mus\u00e9e de la nature et des sciences de Sherbrooke"},"image":{"@id":"https:\/\/mns2.ca\/en\/#\/schema\/logo\/image\/"}}]}},"_links":{"self":[{"href":"https:\/\/mns2.ca\/en\/wp-json\/wp\/v2\/pages\/936","targetHints":{"allow":["GET"]}}],"collection":[{"href":"https:\/\/mns2.ca\/en\/wp-json\/wp\/v2\/pages"}],"about":[{"href":"https:\/\/mns2.ca\/en\/wp-json\/wp\/v2\/types\/page"}],"author":[{"embeddable":true,"href":"https:\/\/mns2.ca\/en\/wp-json\/wp\/v2\/users\/1"}],"replies":[{"embeddable":true,"href":"https:\/\/mns2.ca\/en\/wp-json\/wp\/v2\/comments?post=936"}],"version-history":[{"count":0,"href":"https:\/\/mns2.ca\/en\/wp-json\/wp\/v2\/pages\/936\/revisions"}],"wp:featuredmedia":[{"embeddable":true,"href":"https:\/\/mns2.ca\/en\/wp-json\/wp\/v2\/media\/1057"}],"wp:attachment":[{"href":"https:\/\/mns2.ca\/en\/wp-json\/wp\/v2\/media?parent=936"}],"curies":[{"name":"wp","href":"https:\/\/api.w.org\/{rel}","templated":true}]}}