{"id":6082,"date":"2021-02-25T15:42:38","date_gmt":"2021-02-25T20:42:38","guid":{"rendered":"https:\/\/mns2.ca\/paleo-remerciements\/"},"modified":"2021-04-09T10:07:16","modified_gmt":"2021-04-09T14:07:16","slug":"paleo-acknowledgments","status":"publish","type":"page","link":"https:\/\/mns2.ca\/en\/paleo-acknowledgments\/","title":{"rendered":"Paleomission : in search of the ancient sloth &#8211; acknowledgments"},"content":{"rendered":"<h3>Acknowledgments<\/h3>\n<p><span style=\"color: #0000ff\"><a style=\"color: #0000ff\" href=\"https:\/\/mns2.ca\/paleo-los-reconocimientos\/\">Espa\u00f1ol<\/a><\/span><\/p>\n<p>&nbsp;<\/p>\n<p>Bishop\u2019s University \/ Minist\u00e8re des Relations internationales et de la Francophonie<br \/>\nNational Geographic Society \/ Conseil de recherche en sciences humaines<br \/>\nConseil de recherches en sciences naturelles et en g\u00e9nie du Canada \/ Chaires de recherche du Canada<br \/>\nMuseo Nacional de Historia Natural de Cuba \/ University of Miami \/ Virtual Wonders<\/p>\n<p><img loading=\"lazy\" decoding=\"async\" class=\"alignnone wp-image-6080\" src=\"https:\/\/mns2.ca\/wp-content\/uploads\/2021\/02\/logos-300x75.png\" alt=\"\" width=\"864\" height=\"216\" srcset=\"https:\/\/mns2.ca\/wp-content\/uploads\/2021\/02\/logos-300x75.png 300w, https:\/\/mns2.ca\/wp-content\/uploads\/2021\/02\/logos-1024x256.png 1024w, https:\/\/mns2.ca\/wp-content\/uploads\/2021\/02\/logos-768x192.png 768w, https:\/\/mns2.ca\/wp-content\/uploads\/2021\/02\/logos-1536x384.png 1536w, https:\/\/mns2.ca\/wp-content\/uploads\/2021\/02\/logos.png 1771w\" sizes=\"auto, (max-width: 864px) 100vw, 864px\" \/><\/p>\n<p>Anna Agosta G\u2019meiner, M.Sc. (Bishop\u2019s University)<br \/>\nDr. Fabio Esteban Amador (National Geographic Society)<br \/>\nEdey Berm\u00fadez (Centro de Buceo Los Corales)<br \/>\nDr. Matthew Betts (Mus\u00e9e canadien de l\u2019histoire)<br \/>\nDr. Kenny Broad (University of Miami)<br \/>\nDr. Ariane Burke (Universit\u00e9 de Montr\u00e9al)<br \/>\nLic. Yamil\u00e9 del Carmen Luguera Gonz\u00e1lez (Museo Nacional de Historia Natural de Cuba)<br \/>\nDr. Shawn Collins (Bishop\u2019s University)<br \/>\nDr. Siobh\u00e1n Cooke (Johns Hopkins School of Medicine)<br \/>\nSylvie C\u00f4t\u00e9 (Bishop\u2019s University)<br \/>\nKaty Cr\u00e9peau (Mus\u00e9e de la nature et des sciences de Sherbrooke)<br \/>\nMarc Decourt (Mus\u00e9e de la nature et des sciences de Sherbrooke)<br \/>\nDr. Gerry De Iuliis (Royal Ontario Museum)<br \/>\nGeetanjali Deole (Bishop\u2019s University)<br \/>\nDr. Luis Manuel D\u00edaz Beltr\u00e1n (Museo Nacional de Historia Natural de Cuba)<br \/>\nRam\u00f3n Francisco Tarifa<br \/>\nDr. Julie Fr\u00e9dette (Bishop\u2019s University)<br \/>\nPatricia G\u00e1mez O\u2019Connor (Centro de Buceo Los Corales)<br \/>\nDr. Erick Garc\u00eda Machado (Universidad de la Habana)<br \/>\nLic. Estrella Gonz\u00e1lez Noriega (Instituto de Antropolog\u00eda, Cuba)<br \/>\nM.Sc. Maritza Gonz\u00e1lez Cordero (La Agencia de Medio Ambiente-CITMA)<br \/>\nB.R. Gordon (Clarion College)<br \/>\nEsp. Esteban Rub\u00e9n Grau Gonz\u00e1lez Quevedo (Fundaci\u00f3n la Naturaleza y el Hombre\/Sociedad Espeleol\u00f3gica de Cuba)<br \/>\nDr. Esteban Guti\u00e9rrez Cubr\u00eda (Museo Nacional de Historia Natural de Cuba)<br \/>\nCaroline Harvey (Mus\u00e9e de la nature et des sciences de Sherbrooke)<br \/>\nJill Heinerth (Heinerth Productions, Inc.)<br \/>\nWilberg Hern\u00e1ndez Monterde (Centro de Buceo Los Corales)<br \/>\nCorey Jaskolski (Virtual Wonders)<br \/>\nManon Lebeau (Mus\u00e9e de la nature et des sciences de Sherbrooke)<br \/>\nMarie-Claude Letarte (Mus\u00e9e de la nature et des sciences de Sherbrooke)<br \/>\nMercedes Liedtke (Universit\u00e9 d\u2019Ottawa)<br \/>\nEli\u00e1n L\u00f3pez Cabrera (Centro de Buceo Los Corales)<br \/>\nM.Sc. Joao Gabriel Mart\u00ednez L\u00f3pez (Co-directeur de project, Museo Nacional de Historia Natural de Cuba)<br \/>\nZach Masson (Concordia University)<br \/>\nG.W. Nussbaum (Clarion College)<br \/>\nLic. Jes\u00fas M. Paj\u00f3n Morej\u00f3n (Museo Nacional de Historia Natural de Cuba)<br \/>\nDr. Miguel Angel Pereira Sosa (Coodinateur de project, Centro de Buceo Los Corales)<br \/>\nLic. Esther P\u00e9rez Lorenzo (Museo Nacional de Historia Natural de Cuba)<br \/>\nDr. Matthew Peros<br \/>\n(Directeur de project, Bishop\u2019s University)<br \/>\nDr. William Pestle (University of Miami)<br \/>\nDalia Pino Guzm\u00e1n<br \/>\nBil Phillips (Speleotech.com)<br \/>\nGerold Rate Zamora<br \/>\nDavid Rini (Johns Hopkins School of Medicine)<br \/>\nReynaldo Sehweret<br \/>\nDr. Miles Turnbull (Bishop\u2019s University)<br \/>\nAndre Viau (Universit\u00e9 d\u2019Ottawa)<br \/>\nEsp. Javier Yraola Rodr\u00edguez (Universidad de La Habana)<br \/>\nLay Zamora Hern\u00e1ndez<br \/>\nM.Sc. Ya\u00edma Zulueta Mu\u00f1\u00f3z (Museo Nacional de Historia Natural de Cuba)<br \/>\nCentro de Buceo Los Corales<br \/>\nBarracuda Diving Centre<br \/>\nSpeleotech SA DE CV<br \/>\nLa Agencia de Medio Ambiente-CITMA (Cuba)<br \/>\nSociedad Espeleol\u00f3gica de Cuba<br \/>\nSociedad Cubana de Geolog\u00eda<br \/>\nLa Tribune<br \/>\nOxford University Press<br \/>\nCambridge University Press<br \/>\nAmerican Museum of Natural History<\/p>\n<p>&nbsp;<\/p>\n<p>&nbsp;<\/p>\n<p><span style=\"color: #0000ff\"><a style=\"color: #0000ff\" href=\"https:\/\/mns2.ca\/en\/exhibitions\/paleomission-in-search-of-the-ancient-sloth\/\">Introduction<\/a><\/span><\/p>\n<p><span style=\"color: #0000ff\"><a style=\"color: #0000ff\" href=\"https:\/\/mns2.ca\/en\/paleo-the-project\/\">The project<\/a><\/span><\/p>\n<p><span style=\"color: #0000ff\"><a style=\"color: #0000ff\" href=\"https:\/\/mns2.ca\/en\/paleo-the-work\/\">The work<\/a><\/span><\/p>\n<p><span style=\"color: #0000ff\"><a style=\"color: #0000ff\" href=\"https:\/\/mns2.ca\/en\/paleo-the-discovery\/\">The discovery<\/a><\/span><\/p>\n<p><span style=\"color: #0000ff\"><a style=\"color: #0000ff\" href=\"https:\/\/mns2.ca\/en\/paleo-the-conclusion\/\">Conclusion<\/a><\/span><\/p>\n<p><span style=\"color: #919191\">Acknowledgments<\/span><\/p>\n<p><span style=\"color: #0000ff\"><a style=\"color: #0000ff\" href=\"https:\/\/www.surveymonkey.com\/r\/DW7V23X\" target=\"_blank\" rel=\"noopener\">Visit survey<\/a><\/span><\/p>\n<p><span style=\"color: #0000ff\"><a style=\"color: #0000ff\" href=\"https:\/\/mns2.ca\/en\/paleo-activities-and-coloring\/\">Activities and coloring for kids<\/a><\/span><\/p>\n","protected":false},"excerpt":{"rendered":"Acknowledgments Espa\u00f1ol &nbsp; Bishop\u2019s University \/ Minist\u00e8re des Relations internationales et de la Francophonie National Geographic Society \/ Conseil de recherche en sciences humaines Conseil de recherches en sciences naturelles et en g\u00e9nie du Canada \/ Chaires de recherche du Canada Museo Nacional de Historia Natural de Cuba \/ University of Miami \/ Virtual Wonders [&hellip;]","protected":false},"author":4,"featured_media":5968,"parent":0,"menu_order":0,"comment_status":"closed","ping_status":"closed","template":"","meta":{"_acf_changed":false,"inline_featured_image":false,"footnotes":""},"class_list":["post-6082","page","type-page","status-publish","has-post-thumbnail","hentry"],"acf":[],"yoast_head":"<!-- This site is optimized with the Yoast SEO plugin v27.3 - https:\/\/yoast.com\/product\/yoast-seo-wordpress\/ -->\n<title>Paleomission : in search of the ancient sloth - acknowledgments &#8212; MNS\u00b2<\/title>\n<meta name=\"robots\" content=\"index, follow, max-snippet:-1, max-image-preview:large, max-video-preview:-1\" \/>\n<link rel=\"canonical\" href=\"https:\/\/mns2.ca\/en\/paleo-acknowledgments\/\" \/>\n<meta property=\"og:locale\" content=\"en_US\" \/>\n<meta property=\"og:type\" content=\"article\" \/>\n<meta property=\"og:title\" content=\"Paleomission : in search of the ancient sloth - acknowledgments &#8212; MNS\u00b2\" \/>\n<meta property=\"og:description\" content=\"Acknowledgments Espa\u00f1ol &nbsp; Bishop\u2019s University \/ Minist\u00e8re des Relations internationales et de la Francophonie National Geographic Society \/ Conseil de recherche en sciences humaines Conseil de recherches en sciences naturelles et en g\u00e9nie du Canada \/ Chaires de recherche du Canada Museo Nacional de Historia Natural de Cuba \/ University of Miami \/ Virtual Wonders [&hellip;]\" \/>\n<meta property=\"og:url\" content=\"https:\/\/mns2.ca\/en\/paleo-acknowledgments\/\" \/>\n<meta property=\"og:site_name\" content=\"MNS\u00b2\" \/>\n<meta property=\"article:modified_time\" content=\"2021-04-09T14:07:16+00:00\" \/>\n<meta property=\"og:image\" content=\"https:\/\/mns2.ca\/wp-content\/uploads\/2021\/02\/Cavern-_2547-scaled.jpg\" \/>\n\t<meta property=\"og:image:width\" content=\"2560\" \/>\n\t<meta property=\"og:image:height\" content=\"1707\" \/>\n\t<meta property=\"og:image:type\" content=\"image\/jpeg\" \/>\n<meta name=\"twitter:card\" content=\"summary_large_image\" \/>\n<meta name=\"twitter:label1\" content=\"Est. reading time\" \/>\n\t<meta name=\"twitter:data1\" content=\"3 minutes\" \/>\n<script type=\"application\/ld+json\" class=\"yoast-schema-graph\">{\"@context\":\"https:\\\/\\\/schema.org\",\"@graph\":[{\"@type\":\"WebPage\",\"@id\":\"https:\\\/\\\/mns2.ca\\\/en\\\/paleo-acknowledgments\\\/\",\"url\":\"https:\\\/\\\/mns2.ca\\\/en\\\/paleo-acknowledgments\\\/\",\"name\":\"Paleomission : in search of the ancient sloth - acknowledgments &#8212; MNS\u00b2\",\"isPartOf\":{\"@id\":\"https:\\\/\\\/mns2.ca\\\/en\\\/#website\"},\"primaryImageOfPage\":{\"@id\":\"https:\\\/\\\/mns2.ca\\\/en\\\/paleo-acknowledgments\\\/#primaryimage\"},\"image\":{\"@id\":\"https:\\\/\\\/mns2.ca\\\/en\\\/paleo-acknowledgments\\\/#primaryimage\"},\"thumbnailUrl\":\"https:\\\/\\\/mns2.ca\\\/wp-content\\\/uploads\\\/2021\\\/02\\\/Cavern-_2547-scaled.jpg\",\"datePublished\":\"2021-02-25T20:42:38+00:00\",\"dateModified\":\"2021-04-09T14:07:16+00:00\",\"breadcrumb\":{\"@id\":\"https:\\\/\\\/mns2.ca\\\/en\\\/paleo-acknowledgments\\\/#breadcrumb\"},\"inLanguage\":\"en-US\",\"potentialAction\":[{\"@type\":\"ReadAction\",\"target\":[\"https:\\\/\\\/mns2.ca\\\/en\\\/paleo-acknowledgments\\\/\"]}]},{\"@type\":\"ImageObject\",\"inLanguage\":\"en-US\",\"@id\":\"https:\\\/\\\/mns2.ca\\\/en\\\/paleo-acknowledgments\\\/#primaryimage\",\"url\":\"https:\\\/\\\/mns2.ca\\\/wp-content\\\/uploads\\\/2021\\\/02\\\/Cavern-_2547-scaled.jpg\",\"contentUrl\":\"https:\\\/\\\/mns2.ca\\\/wp-content\\\/uploads\\\/2021\\\/02\\\/Cavern-_2547-scaled.jpg\",\"width\":2560,\"height\":1707},{\"@type\":\"BreadcrumbList\",\"@id\":\"https:\\\/\\\/mns2.ca\\\/en\\\/paleo-acknowledgments\\\/#breadcrumb\",\"itemListElement\":[{\"@type\":\"ListItem\",\"position\":1,\"name\":\"Accueil\",\"item\":\"https:\\\/\\\/mns2.ca\\\/en\\\/\"},{\"@type\":\"ListItem\",\"position\":2,\"name\":\"Paleomission : in search of the ancient sloth &#8211; acknowledgments\"}]},{\"@type\":\"WebSite\",\"@id\":\"https:\\\/\\\/mns2.ca\\\/en\\\/#website\",\"url\":\"https:\\\/\\\/mns2.ca\\\/en\\\/\",\"name\":\"MNS\u00b2\",\"description\":\"Mus\u00e9e des sciences et de la nature de Sherbrooke\",\"publisher\":{\"@id\":\"https:\\\/\\\/mns2.ca\\\/en\\\/#organization\"},\"potentialAction\":[{\"@type\":\"SearchAction\",\"target\":{\"@type\":\"EntryPoint\",\"urlTemplate\":\"https:\\\/\\\/mns2.ca\\\/en\\\/?s={search_term_string}\"},\"query-input\":{\"@type\":\"PropertyValueSpecification\",\"valueRequired\":true,\"valueName\":\"search_term_string\"}}],\"inLanguage\":\"en-US\"},{\"@type\":\"Organization\",\"@id\":\"https:\\\/\\\/mns2.ca\\\/en\\\/#organization\",\"name\":\"Mus\u00e9e de la nature et des sciences de Sherbrooke\",\"url\":\"https:\\\/\\\/mns2.ca\\\/en\\\/\",\"logo\":{\"@type\":\"ImageObject\",\"inLanguage\":\"en-US\",\"@id\":\"https:\\\/\\\/mns2.ca\\\/en\\\/#\\\/schema\\\/logo\\\/image\\\/\",\"url\":\"https:\\\/\\\/mns2.ca\\\/wp-content\\\/uploads\\\/2018\\\/05\\\/MNS2_logo.svg\",\"contentUrl\":\"https:\\\/\\\/mns2.ca\\\/wp-content\\\/uploads\\\/2018\\\/05\\\/MNS2_logo.svg\",\"width\":1,\"height\":1,\"caption\":\"Mus\u00e9e de la nature et des sciences de Sherbrooke\"},\"image\":{\"@id\":\"https:\\\/\\\/mns2.ca\\\/en\\\/#\\\/schema\\\/logo\\\/image\\\/\"}}]}<\/script>\n<!-- \/ Yoast SEO plugin. -->","yoast_head_json":{"title":"Paleomission : in search of the ancient sloth - acknowledgments &#8212; MNS\u00b2","robots":{"index":"index","follow":"follow","max-snippet":"max-snippet:-1","max-image-preview":"max-image-preview:large","max-video-preview":"max-video-preview:-1"},"canonical":"https:\/\/mns2.ca\/en\/paleo-acknowledgments\/","og_locale":"en_US","og_type":"article","og_title":"Paleomission : in search of the ancient sloth - acknowledgments &#8212; MNS\u00b2","og_description":"Acknowledgments Espa\u00f1ol &nbsp; Bishop\u2019s University \/ Minist\u00e8re des Relations internationales et de la Francophonie National Geographic Society \/ Conseil de recherche en sciences humaines Conseil de recherches en sciences naturelles et en g\u00e9nie du Canada \/ Chaires de recherche du Canada Museo Nacional de Historia Natural de Cuba \/ University of Miami \/ Virtual Wonders [&hellip;]","og_url":"https:\/\/mns2.ca\/en\/paleo-acknowledgments\/","og_site_name":"MNS\u00b2","article_modified_time":"2021-04-09T14:07:16+00:00","og_image":[{"width":2560,"height":1707,"url":"https:\/\/mns2.ca\/wp-content\/uploads\/2021\/02\/Cavern-_2547-scaled.jpg","type":"image\/jpeg"}],"twitter_card":"summary_large_image","twitter_misc":{"Est. reading time":"3 minutes"},"schema":{"@context":"https:\/\/schema.org","@graph":[{"@type":"WebPage","@id":"https:\/\/mns2.ca\/en\/paleo-acknowledgments\/","url":"https:\/\/mns2.ca\/en\/paleo-acknowledgments\/","name":"Paleomission : in search of the ancient sloth - acknowledgments &#8212; MNS\u00b2","isPartOf":{"@id":"https:\/\/mns2.ca\/en\/#website"},"primaryImageOfPage":{"@id":"https:\/\/mns2.ca\/en\/paleo-acknowledgments\/#primaryimage"},"image":{"@id":"https:\/\/mns2.ca\/en\/paleo-acknowledgments\/#primaryimage"},"thumbnailUrl":"https:\/\/mns2.ca\/wp-content\/uploads\/2021\/02\/Cavern-_2547-scaled.jpg","datePublished":"2021-02-25T20:42:38+00:00","dateModified":"2021-04-09T14:07:16+00:00","breadcrumb":{"@id":"https:\/\/mns2.ca\/en\/paleo-acknowledgments\/#breadcrumb"},"inLanguage":"en-US","potentialAction":[{"@type":"ReadAction","target":["https:\/\/mns2.ca\/en\/paleo-acknowledgments\/"]}]},{"@type":"ImageObject","inLanguage":"en-US","@id":"https:\/\/mns2.ca\/en\/paleo-acknowledgments\/#primaryimage","url":"https:\/\/mns2.ca\/wp-content\/uploads\/2021\/02\/Cavern-_2547-scaled.jpg","contentUrl":"https:\/\/mns2.ca\/wp-content\/uploads\/2021\/02\/Cavern-_2547-scaled.jpg","width":2560,"height":1707},{"@type":"BreadcrumbList","@id":"https:\/\/mns2.ca\/en\/paleo-acknowledgments\/#breadcrumb","itemListElement":[{"@type":"ListItem","position":1,"name":"Accueil","item":"https:\/\/mns2.ca\/en\/"},{"@type":"ListItem","position":2,"name":"Paleomission : in search of the ancient sloth &#8211; acknowledgments"}]},{"@type":"WebSite","@id":"https:\/\/mns2.ca\/en\/#website","url":"https:\/\/mns2.ca\/en\/","name":"MNS\u00b2","description":"Mus\u00e9e des sciences et de la nature de Sherbrooke","publisher":{"@id":"https:\/\/mns2.ca\/en\/#organization"},"potentialAction":[{"@type":"SearchAction","target":{"@type":"EntryPoint","urlTemplate":"https:\/\/mns2.ca\/en\/?s={search_term_string}"},"query-input":{"@type":"PropertyValueSpecification","valueRequired":true,"valueName":"search_term_string"}}],"inLanguage":"en-US"},{"@type":"Organization","@id":"https:\/\/mns2.ca\/en\/#organization","name":"Mus\u00e9e de la nature et des sciences de Sherbrooke","url":"https:\/\/mns2.ca\/en\/","logo":{"@type":"ImageObject","inLanguage":"en-US","@id":"https:\/\/mns2.ca\/en\/#\/schema\/logo\/image\/","url":"https:\/\/mns2.ca\/wp-content\/uploads\/2018\/05\/MNS2_logo.svg","contentUrl":"https:\/\/mns2.ca\/wp-content\/uploads\/2018\/05\/MNS2_logo.svg","width":1,"height":1,"caption":"Mus\u00e9e de la nature et des sciences de Sherbrooke"},"image":{"@id":"https:\/\/mns2.ca\/en\/#\/schema\/logo\/image\/"}}]}},"_links":{"self":[{"href":"https:\/\/mns2.ca\/en\/wp-json\/wp\/v2\/pages\/6082","targetHints":{"allow":["GET"]}}],"collection":[{"href":"https:\/\/mns2.ca\/en\/wp-json\/wp\/v2\/pages"}],"about":[{"href":"https:\/\/mns2.ca\/en\/wp-json\/wp\/v2\/types\/page"}],"author":[{"embeddable":true,"href":"https:\/\/mns2.ca\/en\/wp-json\/wp\/v2\/users\/4"}],"replies":[{"embeddable":true,"href":"https:\/\/mns2.ca\/en\/wp-json\/wp\/v2\/comments?post=6082"}],"version-history":[{"count":0,"href":"https:\/\/mns2.ca\/en\/wp-json\/wp\/v2\/pages\/6082\/revisions"}],"wp:featuredmedia":[{"embeddable":true,"href":"https:\/\/mns2.ca\/en\/wp-json\/wp\/v2\/media\/5968"}],"wp:attachment":[{"href":"https:\/\/mns2.ca\/en\/wp-json\/wp\/v2\/media?parent=6082"}],"curies":[{"name":"wp","href":"https:\/\/api.w.org\/{rel}","templated":true}]}}