{"id":6031,"date":"2021-02-25T13:58:04","date_gmt":"2021-02-25T18:58:04","guid":{"rendered":"https:\/\/mns2.ca\/?page_id=6031"},"modified":"2021-05-28T14:19:28","modified_gmt":"2021-05-28T18:19:28","slug":"paleo-the-conclusion","status":"publish","type":"page","link":"https:\/\/mns2.ca\/en\/paleo-the-conclusion\/","title":{"rendered":"Paleomission: in search of the ancient sloth &#8211; conclusion"},"content":{"rendered":"<h3>CONCLUSION<\/h3>\n<p><span style=\"color: #0000ff\"><a style=\"color: #0000ff\" href=\"https:\/\/mns2.ca\/paleo-la-conclusion\/\">Espa\u00f1ol<\/a><\/span><\/p>\n<p>&nbsp;<\/p>\n<h3>WHAT CAN THESE BONES TELL US?<\/h3>\n<p>Radiocarbon dating was attempted to determine the age of the bones. Unfortunately, the process failed because the collagen, which is the material used for dating, deteriorated in the underwater environment. As a result, we will probably never know the age of the bones, but based on other radiocarbon-dated sloth remains from Cuba, we believe these animals lived no later than 4000 years ago.<\/p>\n<p>One obvious difference between the <em>Megalocnus<\/em> and <em>Neocnus<\/em> bones is their colour. The white, chalky appearance of the <em>Megalocnus<\/em> bones suggests that they were exposed to the air for a long period of time before they ended up in the water. This indicates a possible change in the environment in this part of the cave, or perhaps human disturbance, but additional tests will be needed to confirm this.<\/p>\n<figure id=\"attachment_6032\" aria-describedby=\"caption-attachment-6032\" style=\"width: 528px\" class=\"wp-caption alignnone\"><img loading=\"lazy\" decoding=\"async\" class=\"wp-image-6032\" src=\"https:\/\/mns2.ca\/wp-content\/uploads\/2021\/02\/Expo-Bishop-s-La-Havane-Matthew-Peros-a-300x200.jpg\" alt=\"\" width=\"528\" height=\"352\" srcset=\"https:\/\/mns2.ca\/wp-content\/uploads\/2021\/02\/Expo-Bishop-s-La-Havane-Matthew-Peros-a-300x200.jpg 300w, https:\/\/mns2.ca\/wp-content\/uploads\/2021\/02\/Expo-Bishop-s-La-Havane-Matthew-Peros-a-1024x683.jpg 1024w, https:\/\/mns2.ca\/wp-content\/uploads\/2021\/02\/Expo-Bishop-s-La-Havane-Matthew-Peros-a-768x512.jpg 768w, https:\/\/mns2.ca\/wp-content\/uploads\/2021\/02\/Expo-Bishop-s-La-Havane-Matthew-Peros-a-1536x1025.jpg 1536w, https:\/\/mns2.ca\/wp-content\/uploads\/2021\/02\/Expo-Bishop-s-La-Havane-Matthew-Peros-a-2048x1366.jpg 2048w\" sizes=\"auto, (max-width: 528px) 100vw, 528px\" \/><figcaption id=\"caption-attachment-6032\" class=\"wp-caption-text\">Project director Matthew Peros in his laboratory at Bishop\u2019s University, where many of the scientific analyses are being undertaken (used with permission).<\/figcaption><\/figure>\n<p>The bones we are studying are technically \u201csubfossils\u201d, rather than \u201cfossils\u201d, because a fossil has been completely mineralized (or fossilized), which has not occurred with these bones. However, some paleontologists believe that the bones of extinct species should also be called fossils, regardless of whether they have been mineralized or not.<\/p>\n<p>&nbsp;<\/p>\n<h3>STORY IN THE SEDIMENTS<\/h3>\n<p>Sediment cores collected in the cave contain seeds from the fruit trees <em>Cecropia<\/em> and <em>Ficus<\/em>. The seeds may have been deposited by fruit-eating bats and birds, and indicate that these trees were growing outside the cave thousands of years ago. Interestingly, today, two- and three-toed sloths subsist largely on <em>Cecropia<\/em> and <em>Ficus<\/em> leaves. Whether these trees contributed to the diet of <em>Neocnus<\/em> and <em>Megalocnus<\/em> is unclear, but it does suggest an intriguing connection between modern sloths and their extinct relatives.<\/p>\n<figure id=\"attachment_6038\" aria-describedby=\"caption-attachment-6038\" style=\"width: 300px\" class=\"wp-caption alignnone\"><img loading=\"lazy\" decoding=\"async\" class=\"wp-image-6038 size-medium\" src=\"https:\/\/mns2.ca\/wp-content\/uploads\/2021\/02\/Cecropia-seed-300x252.jpg\" alt=\"\" width=\"300\" height=\"252\" srcset=\"https:\/\/mns2.ca\/wp-content\/uploads\/2021\/02\/Cecropia-seed-300x252.jpg 300w, https:\/\/mns2.ca\/wp-content\/uploads\/2021\/02\/Cecropia-seed-1024x859.jpg 1024w, https:\/\/mns2.ca\/wp-content\/uploads\/2021\/02\/Cecropia-seed-768x644.jpg 768w, https:\/\/mns2.ca\/wp-content\/uploads\/2021\/02\/Cecropia-seed-1536x1288.jpg 1536w, https:\/\/mns2.ca\/wp-content\/uploads\/2021\/02\/Cecropia-seed-2048x1717.jpg 2048w\" sizes=\"auto, (max-width: 300px) 100vw, 300px\" \/><figcaption id=\"caption-attachment-6038\" class=\"wp-caption-text\">High magnification images of <em>Cecropia<\/em> seeds from the sediment cores. The seed is approximately 2 mm long.<\/figcaption><\/figure>\n<p>&nbsp;<\/p>\n<figure id=\"attachment_6044\" aria-describedby=\"caption-attachment-6044\" style=\"width: 300px\" class=\"wp-caption alignnone\"><img loading=\"lazy\" decoding=\"async\" class=\"wp-image-6044 size-medium\" src=\"https:\/\/mns2.ca\/wp-content\/uploads\/2021\/02\/Ficus-seeds-small-300x251.jpg\" alt=\"\" width=\"300\" height=\"251\" srcset=\"https:\/\/mns2.ca\/wp-content\/uploads\/2021\/02\/Ficus-seeds-small-300x251.jpg 300w, https:\/\/mns2.ca\/wp-content\/uploads\/2021\/02\/Ficus-seeds-small-1024x858.jpg 1024w, https:\/\/mns2.ca\/wp-content\/uploads\/2021\/02\/Ficus-seeds-small-768x644.jpg 768w, https:\/\/mns2.ca\/wp-content\/uploads\/2021\/02\/Ficus-seeds-small.jpg 1500w\" sizes=\"auto, (max-width: 300px) 100vw, 300px\" \/><figcaption id=\"caption-attachment-6044\" class=\"wp-caption-text\">High magnification image of <em>Ficus<\/em> seeds from the sediment cores. Each seed is approximately 1 mm long.<\/figcaption><\/figure>\n<p>&nbsp;<\/p>\n<p>Three-toed sloths such as <em>Bradypus variegatus<\/em> \u00a0spend most of their lives in, and eat the leaves of, <em>Cecropia<\/em> trees.<\/p>\n<figure id=\"attachment_6040\" aria-describedby=\"caption-attachment-6040\" style=\"width: 300px\" class=\"wp-caption alignnone\"><img loading=\"lazy\" decoding=\"async\" class=\"wp-image-6040 size-medium\" src=\"https:\/\/mns2.ca\/wp-content\/uploads\/2021\/02\/Cecropia-tree-300x234.jpg\" alt=\"\" width=\"300\" height=\"234\" srcset=\"https:\/\/mns2.ca\/wp-content\/uploads\/2021\/02\/Cecropia-tree-300x234.jpg 300w, https:\/\/mns2.ca\/wp-content\/uploads\/2021\/02\/Cecropia-tree-1024x800.jpg 1024w, https:\/\/mns2.ca\/wp-content\/uploads\/2021\/02\/Cecropia-tree-768x600.jpg 768w, https:\/\/mns2.ca\/wp-content\/uploads\/2021\/02\/Cecropia-tree-1536x1200.jpg 1536w, https:\/\/mns2.ca\/wp-content\/uploads\/2021\/02\/Cecropia-tree-2048x1601.jpg 2048w\" sizes=\"auto, (max-width: 300px) 100vw, 300px\" \/><figcaption id=\"caption-attachment-6040\" class=\"wp-caption-text\"><em>Bradypus varietgatus<\/em><\/figcaption><\/figure>\n<p>&nbsp;<\/p>\n<figure id=\"attachment_6042\" aria-describedby=\"caption-attachment-6042\" style=\"width: 300px\" class=\"wp-caption alignnone\"><img loading=\"lazy\" decoding=\"async\" class=\"wp-image-6042 size-medium\" src=\"https:\/\/mns2.ca\/wp-content\/uploads\/2021\/02\/Ficus-tree-300x200.jpg\" alt=\"\" width=\"300\" height=\"200\" srcset=\"https:\/\/mns2.ca\/wp-content\/uploads\/2021\/02\/Ficus-tree-300x200.jpg 300w, https:\/\/mns2.ca\/wp-content\/uploads\/2021\/02\/Ficus-tree-1024x683.jpg 1024w, https:\/\/mns2.ca\/wp-content\/uploads\/2021\/02\/Ficus-tree-768x512.jpg 768w, https:\/\/mns2.ca\/wp-content\/uploads\/2021\/02\/Ficus-tree-1536x1024.jpg 1536w, https:\/\/mns2.ca\/wp-content\/uploads\/2021\/02\/Ficus-tree-2048x1365.jpg 2048w\" sizes=\"auto, (max-width: 300px) 100vw, 300px\" \/><figcaption id=\"caption-attachment-6042\" class=\"wp-caption-text\"><em>Cecropia<\/em><\/figcaption><\/figure>\n<p>&nbsp;<\/p>\n<h3>WHAT IS PALEOCLIMATOLOGY?<\/h3>\n<p>Geochemical analyses of stalactites and stalagmites (which grow on the roofs and floors of caves, respectively) can be used to infer changes in ancient precipitation.<\/p>\n<figure id=\"attachment_6047\" aria-describedby=\"caption-attachment-6047\" style=\"width: 634px\" class=\"wp-caption alignnone\"><img loading=\"lazy\" decoding=\"async\" class=\"wp-image-6047\" src=\"https:\/\/mns2.ca\/wp-content\/uploads\/2021\/02\/Kenny-small-300x169.jpg\" alt=\"\" width=\"634\" height=\"357\" srcset=\"https:\/\/mns2.ca\/wp-content\/uploads\/2021\/02\/Kenny-small-300x169.jpg 300w, https:\/\/mns2.ca\/wp-content\/uploads\/2021\/02\/Kenny-small-1024x575.jpg 1024w, https:\/\/mns2.ca\/wp-content\/uploads\/2021\/02\/Kenny-small-768x432.jpg 768w, https:\/\/mns2.ca\/wp-content\/uploads\/2021\/02\/Kenny-small.jpg 1500w\" sizes=\"auto, (max-width: 634px) 100vw, 634px\" \/><figcaption id=\"caption-attachment-6047\" class=\"wp-caption-text\">Stalactites (top) and stalagmites (bottom) in Cueva Margarita 1. These features formed when the cave was dry as water dripped from the cave roof. The chemical composition of stalactites and stalagmites reflects, in part, that of the local rainwater, which enables paleoclimatologists to study ancient precipitation. \u00a9Jill Heinerth<\/figcaption><\/figure>\n<p>&nbsp;<\/p>\n<p>Cuba is home to the tallest stalagmite in the world. It is located in Cueva Mart\u00edn Infierno and measures 66 m tall!<\/p>\n<p>&nbsp;<\/p>\n<h3>WHAT NEXT?<\/h3>\n<p>Our research at Cueva Margarita 1 is a work in progress. We have not yet discovered the answers to many of our questions. Doing so will require significant resources and years of work!<\/p>\n<p>The broad question of ancient extinctions and climate change and our work at Cueva Margarita 1 has ongoing relevance for conservation. By looking into the past we may be able to better predict the possible fate of endangered species in the face of climate change and human impacts on island environments.<\/p>\n<p>Lastly, as an example of international and interdisciplinary collaboration, we hope our efforts will serve as a model for others in their pursuit to understand and protect the natural world.<\/p>\n<figure id=\"attachment_6050\" aria-describedby=\"caption-attachment-6050\" style=\"width: 578px\" class=\"wp-caption alignnone\"><img loading=\"lazy\" decoding=\"async\" class=\"wp-image-6050\" src=\"https:\/\/mns2.ca\/wp-content\/uploads\/2021\/02\/Team_1839-300x209.jpg\" alt=\"\" width=\"578\" height=\"403\" srcset=\"https:\/\/mns2.ca\/wp-content\/uploads\/2021\/02\/Team_1839-300x209.jpg 300w, https:\/\/mns2.ca\/wp-content\/uploads\/2021\/02\/Team_1839-1024x714.jpg 1024w, https:\/\/mns2.ca\/wp-content\/uploads\/2021\/02\/Team_1839-768x535.jpg 768w, https:\/\/mns2.ca\/wp-content\/uploads\/2021\/02\/Team_1839-1536x1071.jpg 1536w, https:\/\/mns2.ca\/wp-content\/uploads\/2021\/02\/Team_1839-2048x1427.jpg 2048w\" sizes=\"auto, (max-width: 578px) 100vw, 578px\" \/><figcaption id=\"caption-attachment-6050\" class=\"wp-caption-text\">(From left to right): Eli\u00e1n L\u00f3pez Cabrera, Arsel Rodr\u00edguez Ramos, Patricia G\u00e1mez O\u2019Connor, Kenny Broad, Edey Berm\u00fadez, Jill Heinerth, Miguel Angel Pereira Sosa, Bil Phillips, Joao Gabriel Mart\u00ednez L\u00f3pez, Matthew Peros.<\/figcaption><\/figure>\n<p>&nbsp;<\/p>\n<p>&nbsp;<\/p>\n<p><span style=\"color: #0000ff\"><a style=\"color: #0000ff\" href=\"https:\/\/mns2.ca\/en\/exhibitions\/paleomission-in-search-of-the-ancient-sloth\/\">Introduction<\/a><\/span><\/p>\n<p><span style=\"color: #0000ff\"><a style=\"color: #0000ff\" href=\"https:\/\/mns2.ca\/en\/paleo-the-project\/\">The project<\/a><\/span><\/p>\n<p><span style=\"color: #0000ff\"><a style=\"color: #0000ff\" href=\"https:\/\/mns2.ca\/en\/paleo-the-work\/\">The work<\/a><\/span><\/p>\n<p><a href=\"https:\/\/mns2.ca\/en\/paleo-the-discovery\/\"><span style=\"color: #0000ff\">The discovery<\/span><\/a><\/p>\n<p><span style=\"color: #919191\">Conclusion<\/span><\/p>\n<p><span style=\"color: #0000ff\"><a style=\"color: #0000ff\" href=\"https:\/\/mns2.ca\/en\/paleo-acknowledgments\/\">Acknowledgments<\/a><\/span><\/p>\n<p><span style=\"color: #0000ff\"><a style=\"color: #0000ff\" href=\"https:\/\/www.surveymonkey.com\/r\/DW7V23X\" target=\"_blank\" rel=\"noopener\">Visit survey<\/a><\/span><\/p>\n<p><span style=\"color: #0000ff\"><a style=\"color: #0000ff\" href=\"https:\/\/mns2.ca\/en\/paleo-activities-and-coloring\/\">Activities and coloring for kids<\/a><\/span><\/p>\n","protected":false},"excerpt":{"rendered":"CONCLUSION Espa\u00f1ol &nbsp; WHAT CAN THESE BONES TELL US? Radiocarbon dating was attempted to determine the age of the bones. Unfortunately, the process failed because the collagen, which is the material used for dating, deteriorated in the underwater environment. As a result, we will probably never know the age of the bones, but based on [&hellip;]","protected":false},"author":4,"featured_media":6032,"parent":0,"menu_order":0,"comment_status":"closed","ping_status":"closed","template":"","meta":{"_acf_changed":false,"inline_featured_image":false,"footnotes":""},"class_list":["post-6031","page","type-page","status-publish","has-post-thumbnail","hentry"],"acf":[],"yoast_head":"<!-- This site is optimized with the Yoast SEO plugin v27.5 - https:\/\/yoast.com\/product\/yoast-seo-wordpress\/ -->\n<title>Paleomission: in search of the ancient sloth - conclusion &#8212; MNS\u00b2<\/title>\n<meta name=\"robots\" content=\"index, follow, max-snippet:-1, max-image-preview:large, max-video-preview:-1\" \/>\n<link rel=\"canonical\" href=\"https:\/\/mns2.ca\/en\/paleo-the-conclusion\/\" \/>\n<meta property=\"og:locale\" content=\"en_US\" \/>\n<meta property=\"og:type\" content=\"article\" \/>\n<meta property=\"og:title\" content=\"Paleomission: in search of the ancient sloth - conclusion &#8212; MNS\u00b2\" \/>\n<meta property=\"og:description\" content=\"CONCLUSION Espa\u00f1ol &nbsp; WHAT CAN THESE BONES TELL US? Radiocarbon dating was attempted to determine the age of the bones. Unfortunately, the process failed because the collagen, which is the material used for dating, deteriorated in the underwater environment. As a result, we will probably never know the age of the bones, but based on [&hellip;]\" \/>\n<meta property=\"og:url\" content=\"https:\/\/mns2.ca\/en\/paleo-the-conclusion\/\" \/>\n<meta property=\"og:site_name\" content=\"MNS\u00b2\" \/>\n<meta property=\"article:modified_time\" content=\"2021-05-28T18:19:28+00:00\" \/>\n<meta property=\"og:image\" content=\"https:\/\/mns2.ca\/wp-content\/uploads\/2021\/02\/Expo-Bishop-s-La-Havane-Matthew-Peros-a-scaled.jpg\" \/>\n\t<meta property=\"og:image:width\" content=\"2560\" \/>\n\t<meta property=\"og:image:height\" content=\"1708\" \/>\n\t<meta property=\"og:image:type\" content=\"image\/jpeg\" \/>\n<meta name=\"twitter:card\" content=\"summary_large_image\" \/>\n<meta name=\"twitter:label1\" content=\"Est. reading time\" \/>\n\t<meta name=\"twitter:data1\" content=\"5 minutes\" \/>\n<script type=\"application\/ld+json\" class=\"yoast-schema-graph\">{\"@context\":\"https:\\\/\\\/schema.org\",\"@graph\":[{\"@type\":\"WebPage\",\"@id\":\"https:\\\/\\\/mns2.ca\\\/en\\\/paleo-the-conclusion\\\/\",\"url\":\"https:\\\/\\\/mns2.ca\\\/en\\\/paleo-the-conclusion\\\/\",\"name\":\"Paleomission: in search of the ancient sloth - conclusion &#8212; MNS\u00b2\",\"isPartOf\":{\"@id\":\"https:\\\/\\\/mns2.ca\\\/en\\\/#website\"},\"primaryImageOfPage\":{\"@id\":\"https:\\\/\\\/mns2.ca\\\/en\\\/paleo-the-conclusion\\\/#primaryimage\"},\"image\":{\"@id\":\"https:\\\/\\\/mns2.ca\\\/en\\\/paleo-the-conclusion\\\/#primaryimage\"},\"thumbnailUrl\":\"https:\\\/\\\/mns2.ca\\\/wp-content\\\/uploads\\\/2021\\\/02\\\/Expo-Bishop-s-La-Havane-Matthew-Peros-a-scaled.jpg\",\"datePublished\":\"2021-02-25T18:58:04+00:00\",\"dateModified\":\"2021-05-28T18:19:28+00:00\",\"breadcrumb\":{\"@id\":\"https:\\\/\\\/mns2.ca\\\/en\\\/paleo-the-conclusion\\\/#breadcrumb\"},\"inLanguage\":\"en-US\",\"potentialAction\":[{\"@type\":\"ReadAction\",\"target\":[\"https:\\\/\\\/mns2.ca\\\/en\\\/paleo-the-conclusion\\\/\"]}]},{\"@type\":\"ImageObject\",\"inLanguage\":\"en-US\",\"@id\":\"https:\\\/\\\/mns2.ca\\\/en\\\/paleo-the-conclusion\\\/#primaryimage\",\"url\":\"https:\\\/\\\/mns2.ca\\\/wp-content\\\/uploads\\\/2021\\\/02\\\/Expo-Bishop-s-La-Havane-Matthew-Peros-a-scaled.jpg\",\"contentUrl\":\"https:\\\/\\\/mns2.ca\\\/wp-content\\\/uploads\\\/2021\\\/02\\\/Expo-Bishop-s-La-Havane-Matthew-Peros-a-scaled.jpg\",\"width\":2560,\"height\":1708,\"caption\":\"Cr\u00e9dit photo : Spectre m\u00e9dia : Jessica Garneau Journaliste : Isabelle Pion Matthew Peros prof \u00e0 l'universit\u00e9 Bishop au sujet d'une exposition Bishop's La Havane.\"},{\"@type\":\"BreadcrumbList\",\"@id\":\"https:\\\/\\\/mns2.ca\\\/en\\\/paleo-the-conclusion\\\/#breadcrumb\",\"itemListElement\":[{\"@type\":\"ListItem\",\"position\":1,\"name\":\"Accueil\",\"item\":\"https:\\\/\\\/mns2.ca\\\/en\\\/\"},{\"@type\":\"ListItem\",\"position\":2,\"name\":\"Paleomission: in search of the ancient sloth &#8211; conclusion\"}]},{\"@type\":\"WebSite\",\"@id\":\"https:\\\/\\\/mns2.ca\\\/en\\\/#website\",\"url\":\"https:\\\/\\\/mns2.ca\\\/en\\\/\",\"name\":\"MNS\u00b2\",\"description\":\"Mus\u00e9e des sciences et de la nature de Sherbrooke\",\"publisher\":{\"@id\":\"https:\\\/\\\/mns2.ca\\\/en\\\/#organization\"},\"potentialAction\":[{\"@type\":\"SearchAction\",\"target\":{\"@type\":\"EntryPoint\",\"urlTemplate\":\"https:\\\/\\\/mns2.ca\\\/en\\\/?s={search_term_string}\"},\"query-input\":{\"@type\":\"PropertyValueSpecification\",\"valueRequired\":true,\"valueName\":\"search_term_string\"}}],\"inLanguage\":\"en-US\"},{\"@type\":\"Organization\",\"@id\":\"https:\\\/\\\/mns2.ca\\\/en\\\/#organization\",\"name\":\"Mus\u00e9e de la nature et des sciences de Sherbrooke\",\"url\":\"https:\\\/\\\/mns2.ca\\\/en\\\/\",\"logo\":{\"@type\":\"ImageObject\",\"inLanguage\":\"en-US\",\"@id\":\"https:\\\/\\\/mns2.ca\\\/en\\\/#\\\/schema\\\/logo\\\/image\\\/\",\"url\":\"https:\\\/\\\/mns2.ca\\\/wp-content\\\/uploads\\\/2018\\\/05\\\/MNS2_logo.svg\",\"contentUrl\":\"https:\\\/\\\/mns2.ca\\\/wp-content\\\/uploads\\\/2018\\\/05\\\/MNS2_logo.svg\",\"width\":1,\"height\":1,\"caption\":\"Mus\u00e9e de la nature et des sciences de Sherbrooke\"},\"image\":{\"@id\":\"https:\\\/\\\/mns2.ca\\\/en\\\/#\\\/schema\\\/logo\\\/image\\\/\"}}]}<\/script>\n<!-- \/ Yoast SEO plugin. -->","yoast_head_json":{"title":"Paleomission: in search of the ancient sloth - conclusion &#8212; MNS\u00b2","robots":{"index":"index","follow":"follow","max-snippet":"max-snippet:-1","max-image-preview":"max-image-preview:large","max-video-preview":"max-video-preview:-1"},"canonical":"https:\/\/mns2.ca\/en\/paleo-the-conclusion\/","og_locale":"en_US","og_type":"article","og_title":"Paleomission: in search of the ancient sloth - conclusion &#8212; MNS\u00b2","og_description":"CONCLUSION Espa\u00f1ol &nbsp; WHAT CAN THESE BONES TELL US? Radiocarbon dating was attempted to determine the age of the bones. Unfortunately, the process failed because the collagen, which is the material used for dating, deteriorated in the underwater environment. As a result, we will probably never know the age of the bones, but based on [&hellip;]","og_url":"https:\/\/mns2.ca\/en\/paleo-the-conclusion\/","og_site_name":"MNS\u00b2","article_modified_time":"2021-05-28T18:19:28+00:00","og_image":[{"width":2560,"height":1708,"url":"https:\/\/mns2.ca\/wp-content\/uploads\/2021\/02\/Expo-Bishop-s-La-Havane-Matthew-Peros-a-scaled.jpg","type":"image\/jpeg"}],"twitter_card":"summary_large_image","twitter_misc":{"Est. reading time":"5 minutes"},"schema":{"@context":"https:\/\/schema.org","@graph":[{"@type":"WebPage","@id":"https:\/\/mns2.ca\/en\/paleo-the-conclusion\/","url":"https:\/\/mns2.ca\/en\/paleo-the-conclusion\/","name":"Paleomission: in search of the ancient sloth - conclusion &#8212; MNS\u00b2","isPartOf":{"@id":"https:\/\/mns2.ca\/en\/#website"},"primaryImageOfPage":{"@id":"https:\/\/mns2.ca\/en\/paleo-the-conclusion\/#primaryimage"},"image":{"@id":"https:\/\/mns2.ca\/en\/paleo-the-conclusion\/#primaryimage"},"thumbnailUrl":"https:\/\/mns2.ca\/wp-content\/uploads\/2021\/02\/Expo-Bishop-s-La-Havane-Matthew-Peros-a-scaled.jpg","datePublished":"2021-02-25T18:58:04+00:00","dateModified":"2021-05-28T18:19:28+00:00","breadcrumb":{"@id":"https:\/\/mns2.ca\/en\/paleo-the-conclusion\/#breadcrumb"},"inLanguage":"en-US","potentialAction":[{"@type":"ReadAction","target":["https:\/\/mns2.ca\/en\/paleo-the-conclusion\/"]}]},{"@type":"ImageObject","inLanguage":"en-US","@id":"https:\/\/mns2.ca\/en\/paleo-the-conclusion\/#primaryimage","url":"https:\/\/mns2.ca\/wp-content\/uploads\/2021\/02\/Expo-Bishop-s-La-Havane-Matthew-Peros-a-scaled.jpg","contentUrl":"https:\/\/mns2.ca\/wp-content\/uploads\/2021\/02\/Expo-Bishop-s-La-Havane-Matthew-Peros-a-scaled.jpg","width":2560,"height":1708,"caption":"Cr\u00e9dit photo : Spectre m\u00e9dia : Jessica Garneau Journaliste : Isabelle Pion Matthew Peros prof \u00e0 l'universit\u00e9 Bishop au sujet d'une exposition Bishop's La Havane."},{"@type":"BreadcrumbList","@id":"https:\/\/mns2.ca\/en\/paleo-the-conclusion\/#breadcrumb","itemListElement":[{"@type":"ListItem","position":1,"name":"Accueil","item":"https:\/\/mns2.ca\/en\/"},{"@type":"ListItem","position":2,"name":"Paleomission: in search of the ancient sloth &#8211; conclusion"}]},{"@type":"WebSite","@id":"https:\/\/mns2.ca\/en\/#website","url":"https:\/\/mns2.ca\/en\/","name":"MNS\u00b2","description":"Mus\u00e9e des sciences et de la nature de Sherbrooke","publisher":{"@id":"https:\/\/mns2.ca\/en\/#organization"},"potentialAction":[{"@type":"SearchAction","target":{"@type":"EntryPoint","urlTemplate":"https:\/\/mns2.ca\/en\/?s={search_term_string}"},"query-input":{"@type":"PropertyValueSpecification","valueRequired":true,"valueName":"search_term_string"}}],"inLanguage":"en-US"},{"@type":"Organization","@id":"https:\/\/mns2.ca\/en\/#organization","name":"Mus\u00e9e de la nature et des sciences de Sherbrooke","url":"https:\/\/mns2.ca\/en\/","logo":{"@type":"ImageObject","inLanguage":"en-US","@id":"https:\/\/mns2.ca\/en\/#\/schema\/logo\/image\/","url":"https:\/\/mns2.ca\/wp-content\/uploads\/2018\/05\/MNS2_logo.svg","contentUrl":"https:\/\/mns2.ca\/wp-content\/uploads\/2018\/05\/MNS2_logo.svg","width":1,"height":1,"caption":"Mus\u00e9e de la nature et des sciences de Sherbrooke"},"image":{"@id":"https:\/\/mns2.ca\/en\/#\/schema\/logo\/image\/"}}]}},"_links":{"self":[{"href":"https:\/\/mns2.ca\/en\/wp-json\/wp\/v2\/pages\/6031","targetHints":{"allow":["GET"]}}],"collection":[{"href":"https:\/\/mns2.ca\/en\/wp-json\/wp\/v2\/pages"}],"about":[{"href":"https:\/\/mns2.ca\/en\/wp-json\/wp\/v2\/types\/page"}],"author":[{"embeddable":true,"href":"https:\/\/mns2.ca\/en\/wp-json\/wp\/v2\/users\/4"}],"replies":[{"embeddable":true,"href":"https:\/\/mns2.ca\/en\/wp-json\/wp\/v2\/comments?post=6031"}],"version-history":[{"count":0,"href":"https:\/\/mns2.ca\/en\/wp-json\/wp\/v2\/pages\/6031\/revisions"}],"wp:featuredmedia":[{"embeddable":true,"href":"https:\/\/mns2.ca\/en\/wp-json\/wp\/v2\/media\/6032"}],"wp:attachment":[{"href":"https:\/\/mns2.ca\/en\/wp-json\/wp\/v2\/media?parent=6031"}],"curies":[{"name":"wp","href":"https:\/\/api.w.org\/{rel}","templated":true}]}}