{"id":5920,"date":"2021-02-24T12:59:21","date_gmt":"2021-02-24T17:59:21","guid":{"rendered":"https:\/\/mns2.ca\/paleo-les-travaux\/"},"modified":"2021-04-09T10:09:59","modified_gmt":"2021-04-09T14:09:59","slug":"paleo-the-work","status":"publish","type":"page","link":"https:\/\/mns2.ca\/en\/paleo-the-work\/","title":{"rendered":"Paleomission : in search of the ancient sloth &#8211; the work"},"content":{"rendered":"<h3>The work<\/h3>\n<p><a href=\"https:\/\/mns2.ca\/paleo-los-trabajos\/\"><span style=\"color: #0000ff\">Espa\u00f1ol<\/span><\/a><\/p>\n<p>&nbsp;<\/p>\n<h3>WORK AT THE SITE<\/h3>\n<p>Our research would have been impossible without the generous support of a local farmer (known to us as Color\u00e1o), who is the owner of the property where the cave is located. Color\u00e1o and his family provided indispensable advice, transportation, meals, and accommodation, and their help and generosity are deeply appreciated. We transported diving and scientific equipment to the cave with the help of a horse and buggy provided by Color\u00e1o and his family.<\/p>\n<figure id=\"attachment_5899\" aria-describedby=\"caption-attachment-5899\" style=\"width: 517px\" class=\"wp-caption alignnone\"><img loading=\"lazy\" decoding=\"async\" class=\"wp-image-5900 \" src=\"https:\/\/mns2.ca\/wp-content\/uploads\/2021\/02\/petite-fille-300x231.png\" alt=\"\" width=\"517\" height=\"398\" srcset=\"https:\/\/mns2.ca\/wp-content\/uploads\/2021\/02\/petite-fille-300x231.png 300w, https:\/\/mns2.ca\/wp-content\/uploads\/2021\/02\/petite-fille-768x590.png 768w, https:\/\/mns2.ca\/wp-content\/uploads\/2021\/02\/petite-fille.png 980w\" sizes=\"auto, (max-width: 517px) 100vw, 517px\" \/><figcaption id=\"caption-attachment-5899\" class=\"wp-caption-text\">\u00a9Joao Gabriel Mart\u00ednez L\u00f3pez<\/figcaption><\/figure>\n<p>&nbsp;<\/p>\n<figure id=\"attachment_5897\" aria-describedby=\"caption-attachment-5897\" style=\"width: 516px\" class=\"wp-caption alignnone\"><img loading=\"lazy\" decoding=\"async\" class=\"wp-image-5898 \" src=\"https:\/\/mns2.ca\/wp-content\/uploads\/2021\/02\/charette-300x231.png\" alt=\"\" width=\"516\" height=\"397\" srcset=\"https:\/\/mns2.ca\/wp-content\/uploads\/2021\/02\/charette-300x231.png 300w, https:\/\/mns2.ca\/wp-content\/uploads\/2021\/02\/charette-768x593.png 768w, https:\/\/mns2.ca\/wp-content\/uploads\/2021\/02\/charette.png 976w\" sizes=\"auto, (max-width: 516px) 100vw, 516px\" \/><figcaption id=\"caption-attachment-5897\" class=\"wp-caption-text\">\u00a9Jill Heinerth<\/figcaption><\/figure>\n<h3><\/h3>\n<p>&nbsp;<\/p>\n<h3>PLANNING, A CRUCIAL STEP<\/h3>\n<p>Meticulous planning was critical to ensure the safety of all involved and to guarantee that reliable science was undertaken. Each morning a meeting was held at Color\u00e1o\u2019s house to plan the day\u2019s work.<\/p>\n<figure id=\"attachment_5907\" aria-describedby=\"caption-attachment-5907\" style=\"width: 563px\" class=\"wp-caption alignnone\"><img loading=\"lazy\" decoding=\"async\" class=\"wp-image-5907\" src=\"https:\/\/mns2.ca\/wp-content\/uploads\/2021\/02\/P1030681-300x225.jpg\" alt=\"\" width=\"563\" height=\"422\" srcset=\"https:\/\/mns2.ca\/wp-content\/uploads\/2021\/02\/P1030681-300x225.jpg 300w, https:\/\/mns2.ca\/wp-content\/uploads\/2021\/02\/P1030681-1024x768.jpg 1024w, https:\/\/mns2.ca\/wp-content\/uploads\/2021\/02\/P1030681-768x576.jpg 768w, https:\/\/mns2.ca\/wp-content\/uploads\/2021\/02\/P1030681-1536x1152.jpg 1536w, https:\/\/mns2.ca\/wp-content\/uploads\/2021\/02\/P1030681-2048x1536.jpg 2048w\" sizes=\"auto, (max-width: 563px) 100vw, 563px\" \/><figcaption id=\"caption-attachment-5907\" class=\"wp-caption-text\">(Clockwise from left) Bil Phillips, Kenny Broad, Miguel Angel Pereira Sosa, Edey Berm\u00fadez, Eli\u00e1n L\u00f3pez Cabrera, Joao Gabriel Mart\u00ednez L\u00f3pez, and Yamil\u00e9 del Carmen Luguera Gonz\u00e1lez planning the day\u2019s activities. \u00a9Jill Heinerth<\/figcaption><\/figure>\n<figure id=\"attachment_5903\" aria-describedby=\"caption-attachment-5903\" style=\"width: 314px\" class=\"wp-caption alignnone\"><img loading=\"lazy\" decoding=\"async\" class=\"wp-image-5903\" src=\"https:\/\/mns2.ca\/wp-content\/uploads\/2021\/02\/DSC00025-201x300.jpg\" alt=\"\" width=\"314\" height=\"469\" srcset=\"https:\/\/mns2.ca\/wp-content\/uploads\/2021\/02\/DSC00025-201x300.jpg 201w, https:\/\/mns2.ca\/wp-content\/uploads\/2021\/02\/DSC00025-685x1024.jpg 685w, https:\/\/mns2.ca\/wp-content\/uploads\/2021\/02\/DSC00025-768x1147.jpg 768w, https:\/\/mns2.ca\/wp-content\/uploads\/2021\/02\/DSC00025-1028x1536.jpg 1028w, https:\/\/mns2.ca\/wp-content\/uploads\/2021\/02\/DSC00025-1371x2048.jpg 1371w, https:\/\/mns2.ca\/wp-content\/uploads\/2021\/02\/DSC00025-scaled.jpg 1714w\" sizes=\"auto, (max-width: 314px) 100vw, 314px\" \/><figcaption id=\"caption-attachment-5903\" class=\"wp-caption-text\">Cave diver Kenny Broad getting ready to eat a common Cuban meal of chicken, rice, pea soup, squash, and salad. \u00a9Joao Gabriel Mart\u00ednez L\u00f3pez<\/figcaption><\/figure>\n<p>&nbsp;<\/p>\n<p><span style=\"color: #0000ff\"><a style=\"color: #0000ff\" href=\"https:\/\/mns2.ca\/wp-content\/uploads\/2021\/02\/133_UB_ZONE2_LIVRET_EQUIPE.pdf\">THE FIELD TEAM<\/a><\/span><\/p>\n<h3><\/h3>\n<p>&nbsp;<\/p>\n<h3>Remembering Bil Phillips<\/h3>\n<p>Sadly, one of our teammates, Bil Phillips, passed away following a brief illness in 2017. Bil was a pioneer in the exploration and mapping of underwater caves. Born in Vancouver, he spent much of his life in Mexico, where he was a leading cave diving instructor. Known as one of the most prolific underwater cave explorers in the world, he logged over 4,200 cave dives and was instrumental in the establishment of education for safe diving. His passion, dedication, and joviality inspired countless people to pursue cave diving, and all who worked with him miss him immensely.<\/p>\n<figure id=\"attachment_5911\" aria-describedby=\"caption-attachment-5911\" style=\"width: 407px\" class=\"wp-caption alignnone\"><img loading=\"lazy\" decoding=\"async\" class=\"wp-image-5911\" src=\"https:\/\/mns2.ca\/wp-content\/uploads\/2021\/02\/Bil-Teach-P1030705-300x225.jpg\" alt=\"\" width=\"407\" height=\"305\" srcset=\"https:\/\/mns2.ca\/wp-content\/uploads\/2021\/02\/Bil-Teach-P1030705-300x225.jpg 300w, https:\/\/mns2.ca\/wp-content\/uploads\/2021\/02\/Bil-Teach-P1030705-1024x768.jpg 1024w, https:\/\/mns2.ca\/wp-content\/uploads\/2021\/02\/Bil-Teach-P1030705-768x576.jpg 768w, https:\/\/mns2.ca\/wp-content\/uploads\/2021\/02\/Bil-Teach-P1030705-1536x1152.jpg 1536w, https:\/\/mns2.ca\/wp-content\/uploads\/2021\/02\/Bil-Teach-P1030705-2048x1536.jpg 2048w\" sizes=\"auto, (max-width: 407px) 100vw, 407px\" \/><figcaption id=\"caption-attachment-5911\" class=\"wp-caption-text\">Professional explorer and cave diver (January 5, 1955 \u2013 November 26, 2017). \u00a9 Jill Heinerth<\/figcaption><\/figure>\n<figure id=\"attachment_5913\" aria-describedby=\"caption-attachment-5913\" style=\"width: 361px\" class=\"wp-caption alignnone\"><img loading=\"lazy\" decoding=\"async\" class=\"wp-image-5913\" src=\"https:\/\/mns2.ca\/wp-content\/uploads\/2021\/02\/Bil-Waits-1491-200x300.jpg\" alt=\"\" width=\"361\" height=\"542\" srcset=\"https:\/\/mns2.ca\/wp-content\/uploads\/2021\/02\/Bil-Waits-1491-200x300.jpg 200w, https:\/\/mns2.ca\/wp-content\/uploads\/2021\/02\/Bil-Waits-1491-683x1024.jpg 683w, https:\/\/mns2.ca\/wp-content\/uploads\/2021\/02\/Bil-Waits-1491-768x1152.jpg 768w, https:\/\/mns2.ca\/wp-content\/uploads\/2021\/02\/Bil-Waits-1491-1024x1536.jpg 1024w, https:\/\/mns2.ca\/wp-content\/uploads\/2021\/02\/Bil-Waits-1491-1365x2048.jpg 1365w, https:\/\/mns2.ca\/wp-content\/uploads\/2021\/02\/Bil-Waits-1491-scaled.jpg 1707w\" sizes=\"auto, (max-width: 361px) 100vw, 361px\" \/><figcaption id=\"caption-attachment-5913\" class=\"wp-caption-text\">Professional explorer and cave diver (January 5, 1955 \u2013 November 26, 2017). \u00a9 Jill Heinerth<\/figcaption><\/figure>\n<p>&nbsp;<\/p>\n<p><a href=\"https:\/\/mns2.ca\/en\/exhibitions\/paleomission-in-search-of-the-ancient-sloth\/\"><span style=\"color: #0000ff\">Introduction<\/span><\/a><\/p>\n<p><a href=\"https:\/\/mns2.ca\/en\/paleo-the-project\/\"><span style=\"color: #0000ff\">The project<\/span><\/a><\/p>\n<p><span style=\"color: #919191\">The work<\/span><\/p>\n<p><a href=\"https:\/\/mns2.ca\/en\/paleo-the-discovery\/\"><span style=\"color: #0000ff\">The discovery<\/span><\/a><\/p>\n<p><a href=\"https:\/\/mns2.ca\/en\/paleo-the-conclusion\/\"><span style=\"color: #0000ff\">Conclusion<\/span><\/a><\/p>\n<p><a href=\"https:\/\/mns2.ca\/en\/paleo-acknowledgments\/\"><span style=\"color: #0000ff\">Acknowledgments<\/span><\/a><\/p>\n<p><span style=\"color: #0000ff\"><a style=\"color: #0000ff\" href=\"https:\/\/www.surveymonkey.com\/r\/DW7V23X\" target=\"_blank\" rel=\"noopener\">Visit survey<\/a><\/span><\/p>\n<p><a href=\"https:\/\/mns2.ca\/en\/paleo-activities-and-coloring\/\/\"><span style=\"color: #0000ff\">Activities and coloring<\/span><\/a><\/p>\n","protected":false},"excerpt":{"rendered":"The work Espa\u00f1ol &nbsp; WORK AT THE SITE Our research would have been impossible without the generous support of a local farmer (known to us as Color\u00e1o), who is the owner of the property where the cave is located. Color\u00e1o and his family provided indispensable advice, transportation, meals, and accommodation, and their help and generosity [&hellip;]","protected":false},"author":4,"featured_media":5911,"parent":0,"menu_order":0,"comment_status":"closed","ping_status":"closed","template":"","meta":{"_acf_changed":false,"inline_featured_image":false,"footnotes":""},"class_list":["post-5920","page","type-page","status-publish","has-post-thumbnail","hentry"],"acf":[],"yoast_head":"<!-- This site is optimized with the Yoast SEO plugin v27.3 - https:\/\/yoast.com\/product\/yoast-seo-wordpress\/ -->\n<title>Paleomission : in search of the ancient sloth - the work &#8212; MNS\u00b2<\/title>\n<meta name=\"robots\" content=\"index, follow, max-snippet:-1, max-image-preview:large, max-video-preview:-1\" \/>\n<link rel=\"canonical\" href=\"https:\/\/mns2.ca\/en\/paleo-the-work\/\" \/>\n<meta property=\"og:locale\" content=\"en_US\" \/>\n<meta property=\"og:type\" content=\"article\" \/>\n<meta property=\"og:title\" content=\"Paleomission : in search of the ancient sloth - the work &#8212; MNS\u00b2\" \/>\n<meta property=\"og:description\" content=\"The work Espa\u00f1ol &nbsp; WORK AT THE SITE Our research would have been impossible without the generous support of a local farmer (known to us as Color\u00e1o), who is the owner of the property where the cave is located. Color\u00e1o and his family provided indispensable advice, transportation, meals, and accommodation, and their help and generosity [&hellip;]\" \/>\n<meta property=\"og:url\" content=\"https:\/\/mns2.ca\/en\/paleo-the-work\/\" \/>\n<meta property=\"og:site_name\" content=\"MNS\u00b2\" \/>\n<meta property=\"article:modified_time\" content=\"2021-04-09T14:09:59+00:00\" \/>\n<meta property=\"og:image\" content=\"https:\/\/mns2.ca\/wp-content\/uploads\/2021\/02\/Bil-Teach-P1030705-scaled.jpg\" \/>\n\t<meta property=\"og:image:width\" content=\"2560\" \/>\n\t<meta property=\"og:image:height\" content=\"1920\" \/>\n\t<meta property=\"og:image:type\" content=\"image\/jpeg\" \/>\n<meta name=\"twitter:card\" content=\"summary_large_image\" \/>\n<meta name=\"twitter:label1\" content=\"Est. reading time\" \/>\n\t<meta name=\"twitter:data1\" content=\"3 minutes\" \/>\n<script type=\"application\/ld+json\" class=\"yoast-schema-graph\">{\"@context\":\"https:\\\/\\\/schema.org\",\"@graph\":[{\"@type\":\"WebPage\",\"@id\":\"https:\\\/\\\/mns2.ca\\\/en\\\/paleo-the-work\\\/\",\"url\":\"https:\\\/\\\/mns2.ca\\\/en\\\/paleo-the-work\\\/\",\"name\":\"Paleomission : in search of the ancient sloth - the work &#8212; MNS\u00b2\",\"isPartOf\":{\"@id\":\"https:\\\/\\\/mns2.ca\\\/en\\\/#website\"},\"primaryImageOfPage\":{\"@id\":\"https:\\\/\\\/mns2.ca\\\/en\\\/paleo-the-work\\\/#primaryimage\"},\"image\":{\"@id\":\"https:\\\/\\\/mns2.ca\\\/en\\\/paleo-the-work\\\/#primaryimage\"},\"thumbnailUrl\":\"https:\\\/\\\/mns2.ca\\\/wp-content\\\/uploads\\\/2021\\\/02\\\/Bil-Teach-P1030705-scaled.jpg\",\"datePublished\":\"2021-02-24T17:59:21+00:00\",\"dateModified\":\"2021-04-09T14:09:59+00:00\",\"breadcrumb\":{\"@id\":\"https:\\\/\\\/mns2.ca\\\/en\\\/paleo-the-work\\\/#breadcrumb\"},\"inLanguage\":\"en-US\",\"potentialAction\":[{\"@type\":\"ReadAction\",\"target\":[\"https:\\\/\\\/mns2.ca\\\/en\\\/paleo-the-work\\\/\"]}]},{\"@type\":\"ImageObject\",\"inLanguage\":\"en-US\",\"@id\":\"https:\\\/\\\/mns2.ca\\\/en\\\/paleo-the-work\\\/#primaryimage\",\"url\":\"https:\\\/\\\/mns2.ca\\\/wp-content\\\/uploads\\\/2021\\\/02\\\/Bil-Teach-P1030705-scaled.jpg\",\"contentUrl\":\"https:\\\/\\\/mns2.ca\\\/wp-content\\\/uploads\\\/2021\\\/02\\\/Bil-Teach-P1030705-scaled.jpg\",\"width\":2560,\"height\":1920},{\"@type\":\"BreadcrumbList\",\"@id\":\"https:\\\/\\\/mns2.ca\\\/en\\\/paleo-the-work\\\/#breadcrumb\",\"itemListElement\":[{\"@type\":\"ListItem\",\"position\":1,\"name\":\"Accueil\",\"item\":\"https:\\\/\\\/mns2.ca\\\/en\\\/\"},{\"@type\":\"ListItem\",\"position\":2,\"name\":\"Paleomission : in search of the ancient sloth &#8211; the work\"}]},{\"@type\":\"WebSite\",\"@id\":\"https:\\\/\\\/mns2.ca\\\/en\\\/#website\",\"url\":\"https:\\\/\\\/mns2.ca\\\/en\\\/\",\"name\":\"MNS\u00b2\",\"description\":\"Mus\u00e9e des sciences et de la nature de Sherbrooke\",\"publisher\":{\"@id\":\"https:\\\/\\\/mns2.ca\\\/en\\\/#organization\"},\"potentialAction\":[{\"@type\":\"SearchAction\",\"target\":{\"@type\":\"EntryPoint\",\"urlTemplate\":\"https:\\\/\\\/mns2.ca\\\/en\\\/?s={search_term_string}\"},\"query-input\":{\"@type\":\"PropertyValueSpecification\",\"valueRequired\":true,\"valueName\":\"search_term_string\"}}],\"inLanguage\":\"en-US\"},{\"@type\":\"Organization\",\"@id\":\"https:\\\/\\\/mns2.ca\\\/en\\\/#organization\",\"name\":\"Mus\u00e9e de la nature et des sciences de Sherbrooke\",\"url\":\"https:\\\/\\\/mns2.ca\\\/en\\\/\",\"logo\":{\"@type\":\"ImageObject\",\"inLanguage\":\"en-US\",\"@id\":\"https:\\\/\\\/mns2.ca\\\/en\\\/#\\\/schema\\\/logo\\\/image\\\/\",\"url\":\"https:\\\/\\\/mns2.ca\\\/wp-content\\\/uploads\\\/2018\\\/05\\\/MNS2_logo.svg\",\"contentUrl\":\"https:\\\/\\\/mns2.ca\\\/wp-content\\\/uploads\\\/2018\\\/05\\\/MNS2_logo.svg\",\"width\":1,\"height\":1,\"caption\":\"Mus\u00e9e de la nature et des sciences de Sherbrooke\"},\"image\":{\"@id\":\"https:\\\/\\\/mns2.ca\\\/en\\\/#\\\/schema\\\/logo\\\/image\\\/\"}}]}<\/script>\n<!-- \/ Yoast SEO plugin. -->","yoast_head_json":{"title":"Paleomission : in search of the ancient sloth - the work &#8212; MNS\u00b2","robots":{"index":"index","follow":"follow","max-snippet":"max-snippet:-1","max-image-preview":"max-image-preview:large","max-video-preview":"max-video-preview:-1"},"canonical":"https:\/\/mns2.ca\/en\/paleo-the-work\/","og_locale":"en_US","og_type":"article","og_title":"Paleomission : in search of the ancient sloth - the work &#8212; MNS\u00b2","og_description":"The work Espa\u00f1ol &nbsp; WORK AT THE SITE Our research would have been impossible without the generous support of a local farmer (known to us as Color\u00e1o), who is the owner of the property where the cave is located. Color\u00e1o and his family provided indispensable advice, transportation, meals, and accommodation, and their help and generosity [&hellip;]","og_url":"https:\/\/mns2.ca\/en\/paleo-the-work\/","og_site_name":"MNS\u00b2","article_modified_time":"2021-04-09T14:09:59+00:00","og_image":[{"width":2560,"height":1920,"url":"https:\/\/mns2.ca\/wp-content\/uploads\/2021\/02\/Bil-Teach-P1030705-scaled.jpg","type":"image\/jpeg"}],"twitter_card":"summary_large_image","twitter_misc":{"Est. reading time":"3 minutes"},"schema":{"@context":"https:\/\/schema.org","@graph":[{"@type":"WebPage","@id":"https:\/\/mns2.ca\/en\/paleo-the-work\/","url":"https:\/\/mns2.ca\/en\/paleo-the-work\/","name":"Paleomission : in search of the ancient sloth - the work &#8212; MNS\u00b2","isPartOf":{"@id":"https:\/\/mns2.ca\/en\/#website"},"primaryImageOfPage":{"@id":"https:\/\/mns2.ca\/en\/paleo-the-work\/#primaryimage"},"image":{"@id":"https:\/\/mns2.ca\/en\/paleo-the-work\/#primaryimage"},"thumbnailUrl":"https:\/\/mns2.ca\/wp-content\/uploads\/2021\/02\/Bil-Teach-P1030705-scaled.jpg","datePublished":"2021-02-24T17:59:21+00:00","dateModified":"2021-04-09T14:09:59+00:00","breadcrumb":{"@id":"https:\/\/mns2.ca\/en\/paleo-the-work\/#breadcrumb"},"inLanguage":"en-US","potentialAction":[{"@type":"ReadAction","target":["https:\/\/mns2.ca\/en\/paleo-the-work\/"]}]},{"@type":"ImageObject","inLanguage":"en-US","@id":"https:\/\/mns2.ca\/en\/paleo-the-work\/#primaryimage","url":"https:\/\/mns2.ca\/wp-content\/uploads\/2021\/02\/Bil-Teach-P1030705-scaled.jpg","contentUrl":"https:\/\/mns2.ca\/wp-content\/uploads\/2021\/02\/Bil-Teach-P1030705-scaled.jpg","width":2560,"height":1920},{"@type":"BreadcrumbList","@id":"https:\/\/mns2.ca\/en\/paleo-the-work\/#breadcrumb","itemListElement":[{"@type":"ListItem","position":1,"name":"Accueil","item":"https:\/\/mns2.ca\/en\/"},{"@type":"ListItem","position":2,"name":"Paleomission : in search of the ancient sloth &#8211; the work"}]},{"@type":"WebSite","@id":"https:\/\/mns2.ca\/en\/#website","url":"https:\/\/mns2.ca\/en\/","name":"MNS\u00b2","description":"Mus\u00e9e des sciences et de la nature de Sherbrooke","publisher":{"@id":"https:\/\/mns2.ca\/en\/#organization"},"potentialAction":[{"@type":"SearchAction","target":{"@type":"EntryPoint","urlTemplate":"https:\/\/mns2.ca\/en\/?s={search_term_string}"},"query-input":{"@type":"PropertyValueSpecification","valueRequired":true,"valueName":"search_term_string"}}],"inLanguage":"en-US"},{"@type":"Organization","@id":"https:\/\/mns2.ca\/en\/#organization","name":"Mus\u00e9e de la nature et des sciences de Sherbrooke","url":"https:\/\/mns2.ca\/en\/","logo":{"@type":"ImageObject","inLanguage":"en-US","@id":"https:\/\/mns2.ca\/en\/#\/schema\/logo\/image\/","url":"https:\/\/mns2.ca\/wp-content\/uploads\/2018\/05\/MNS2_logo.svg","contentUrl":"https:\/\/mns2.ca\/wp-content\/uploads\/2018\/05\/MNS2_logo.svg","width":1,"height":1,"caption":"Mus\u00e9e de la nature et des sciences de Sherbrooke"},"image":{"@id":"https:\/\/mns2.ca\/en\/#\/schema\/logo\/image\/"}}]}},"_links":{"self":[{"href":"https:\/\/mns2.ca\/en\/wp-json\/wp\/v2\/pages\/5920","targetHints":{"allow":["GET"]}}],"collection":[{"href":"https:\/\/mns2.ca\/en\/wp-json\/wp\/v2\/pages"}],"about":[{"href":"https:\/\/mns2.ca\/en\/wp-json\/wp\/v2\/types\/page"}],"author":[{"embeddable":true,"href":"https:\/\/mns2.ca\/en\/wp-json\/wp\/v2\/users\/4"}],"replies":[{"embeddable":true,"href":"https:\/\/mns2.ca\/en\/wp-json\/wp\/v2\/comments?post=5920"}],"version-history":[{"count":0,"href":"https:\/\/mns2.ca\/en\/wp-json\/wp\/v2\/pages\/5920\/revisions"}],"wp:featuredmedia":[{"embeddable":true,"href":"https:\/\/mns2.ca\/en\/wp-json\/wp\/v2\/media\/5911"}],"wp:attachment":[{"href":"https:\/\/mns2.ca\/en\/wp-json\/wp\/v2\/media?parent=5920"}],"curies":[{"name":"wp","href":"https:\/\/api.w.org\/{rel}","templated":true}]}}